{"id":8106,"date":"2022-08-03T15:46:13","date_gmt":"2022-08-03T15:46:13","guid":{"rendered":"https:\/\/officeguide.cz\/regiony\/"},"modified":"2022-08-23T17:50:29","modified_gmt":"2022-08-23T17:50:29","slug":"regiony","status":"publish","type":"page","link":"https:\/\/officeguide.cz\/en\/regiony\/","title":{"rendered":"Regional Office in Brno"},"content":{"rendered":"<section id=\"columns-2-general-block_62ea9273e18d8\" data-id=\"columns-2-general-block_62ea9273e18d8\" class=\"section-spacing gt-block columns-2-general\">\n\t<div class=\"width width--general\">\n\t\t<div class=\"columns-2-general__grid center\">\n\t\t\t<div class=\"col left\"><p>We are the only international real estate consultancy with a&nbsp;branch in Brno, from where we lease office properties in Brno, Ostrava and Olomouc. Each year we broker lease transactions in the volume of approximately 90,000 sqm, which makes us a&nbsp;leader in the Czech regional office market.<\/p>\n<p>We help companies find suitable premises, negotiate optimal contractual terms and advise them on the technical details of the upcoming relocation.<\/p>\n<p>If you want to stay in your existing premises but reduce the rent, we will be happy to advise you as well. We have an overview of the current rent levels, incentives and service charges. We are in contact with landlords on a&nbsp;daily basis.<\/p>\n<p>&nbsp;<\/p>\n<p>&nbsp;<\/p>\n<\/div>\n\t\t\t<div class=\"col right\"><p><img loading=\"lazy\" decoding=\"async\" class=\"wp-image-6956\" src=\"https:\/\/officeguide.cz.uvirt123.active24.cz\/wp-content\/uploads\/2022\/08\/2022_regionalni-tym_filtr-300x200.jpg\" alt=\"\" width=\"400\" height=\"267\" srcset=\"https:\/\/officeguide.cz\/wp-content\/uploads\/2022\/08\/2022_regionalni-tym_filtr-300x200.jpg 300w, https:\/\/officeguide.cz\/wp-content\/uploads\/2022\/08\/2022_regionalni-tym_filtr-1024x683.jpg 1024w, https:\/\/officeguide.cz\/wp-content\/uploads\/2022\/08\/2022_regionalni-tym_filtr-768x512.jpg 768w, https:\/\/officeguide.cz\/wp-content\/uploads\/2022\/08\/2022_regionalni-tym_filtr-1536x1025.jpg 1536w, https:\/\/officeguide.cz\/wp-content\/uploads\/2022\/08\/2022_regionalni-tym_filtr-2048x1367.jpg 2048w\" sizes=\"auto, (max-width: 400px) 100vw, 400px\" \/><\/p>\n<\/div>\n\t\t<\/div>\n\t<\/div>\n<\/section>\n\n\n\n<section id=\"icon-cards-block_62ea9656e18e8\" data-id=\"icon-cards-block_62ea9656e18e8\" class=\"gt-block icon-cards\">\n\t\t<img decoding=\"async\" src=\"https:\/\/officeguide.cz\/wp-content\/uploads\/2022\/08\/dscf0421.jpg\"\n\t\t width=\"800\"\n\t\t height=\"600\"\n\t\t class=\"icon-cards__bg\"\n\t\t alt=\"Regional Office in Brno\"\n\t\t loading=\"lazy\"\t>\n\t<div class=\"width width--general\">\n\t\t\t\t\t<div class=\"icon-cards__grid\">\n\t\t\t\t\t\t\t\t\t\t\t\t<div class=\"icon-card grid-item\">\n\t\t\t\t\t\t\t\t\t<article>\n\t\t\t\t\t\t<figure class=\"icon-card__icon\">\n\t\t\t\t\t\t\t\t<img decoding=\"async\" src=\"https:\/\/officeguide.cz\/wp-content\/uploads\/2022\/08\/pronajem-kancelari.svg\"\n\t\t width=\"160\"\n\t\t height=\"160\"\n\t\t class=\"\"\n\t\t alt=\"We will find you new office in Brno, Ostrava and other regional cities\"\n\t\t loading=\"lazy\"\t>\n\t\t\t\t\t\t<\/figure>\n\t\t\t\t\t\t<div class=\"icon-card__content\" data-equal-watch=\"content\">\n\t\t\t\t\t\t\t<h4 class=\"icon-card__title is-ulined\">We will find you new office in Brno, Ostrava and other regional cities<\/h4>\n\t\t\t\t\t\t<\/div>\n\t\t\t\t\t\t\t\t\t\t\t<\/article>\n\t\t\t\t\t\t\t\t\t<\/div>\n\t\t\t\t\t\t\t\t\t\t\t\t\t\t\t\t<div class=\"icon-card grid-item\">\n\t\t\t\t\t\t\t\t\t<article>\n\t\t\t\t\t\t<figure class=\"icon-card__icon\">\n\t\t\t\t\t\t\t\t<img decoding=\"async\" src=\"https:\/\/officeguide.cz\/wp-content\/uploads\/2022\/08\/zastupovani-najemcu.svg\"\n\t\t width=\"160\"\n\t\t height=\"160\"\n\t\t class=\"\"\n\t\t alt=\"We know the regional office market like no one else\"\n\t\t loading=\"lazy\"\t>\n\t\t\t\t\t\t<\/figure>\n\t\t\t\t\t\t<div class=\"icon-card__content\" data-equal-watch=\"content\">\n\t\t\t\t\t\t\t<h4 class=\"icon-card__title is-ulined\">We know the regional office market like no one else<\/h4>\n\t\t\t\t\t\t<\/div>\n\t\t\t\t\t\t\t\t\t\t\t<\/article>\n\t\t\t\t\t\t\t\t\t<\/div>\n\t\t\t\t\t\t\t\t\t\t\t\t\t\t\t\t<div class=\"icon-card grid-item\">\n\t\t\t\t\t\t\t\t\t<article>\n\t\t\t\t\t\t<figure class=\"icon-card__icon\">\n\t\t\t\t\t\t\t\t<img decoding=\"async\" src=\"https:\/\/officeguide.cz\/wp-content\/uploads\/2022\/08\/interierovy-design.svg\"\n\t\t width=\"160\"\n\t\t height=\"160\"\n\t\t class=\"\"\n\t\t alt=\"We are close to you - you will find us in Brno\"\n\t\t loading=\"lazy\"\t>\n\t\t\t\t\t\t<\/figure>\n\t\t\t\t\t\t<div class=\"icon-card__content\" data-equal-watch=\"content\">\n\t\t\t\t\t\t\t<h4 class=\"icon-card__title is-ulined\">We are close to you &#8211; you will find us in Brno<\/h4>\n\t\t\t\t\t\t<\/div>\n\t\t\t\t\t\t\t\t\t\t\t<\/article>\n\t\t\t\t\t\t\t\t\t<\/div>\n\t\t\t\t\t\t\t\t\t\t<\/div>\n\t\t\t<\/div>\n<\/section>\n\n\n\n\n<p><\/p>\n\n\n\n<p><\/p>\n\n\n\n<p><\/p>\n\n\n\n<h3 class=\"has-text-align-center wp-block-heading\">OUR SATISFIED CLIENTS<\/h3>\n\n\n<section id=\"text-block-skinny-block_62ebd3e184ffc\" data-id=\"text-block-skinny-block_62ebd3e184ffc\" class=\"width width--narrow section-spacing gt-block text-block-skinny\">\n\t<p><img loading=\"lazy\" decoding=\"async\" class=\"alignnone wp-image-7146\" src=\"https:\/\/officeguide.cz.uvirt123.active24.cz\/wp-content\/uploads\/2022\/08\/tietoevry-300x300.png\" alt=\"\" width=\"200\" height=\"200\" srcset=\"https:\/\/officeguide.cz\/wp-content\/uploads\/2022\/08\/tietoevry-300x300.png 300w, https:\/\/officeguide.cz\/wp-content\/uploads\/2022\/08\/tietoevry-150x150.png 150w, https:\/\/officeguide.cz\/wp-content\/uploads\/2022\/08\/tietoevry.png 672w\" sizes=\"auto, (max-width: 200px) 100vw, 200px\" \/> <img loading=\"lazy\" decoding=\"async\" class=\"alignnone wp-image-7144\" src=\"https:\/\/officeguide.cz.uvirt123.active24.cz\/wp-content\/uploads\/2022\/08\/oracle-300x300.png\" alt=\"\" width=\"200\" height=\"200\" srcset=\"https:\/\/officeguide.cz\/wp-content\/uploads\/2022\/08\/oracle-300x300.png 300w, https:\/\/officeguide.cz\/wp-content\/uploads\/2022\/08\/oracle-150x150.png 150w, https:\/\/officeguide.cz\/wp-content\/uploads\/2022\/08\/oracle.png 672w\" sizes=\"auto, (max-width: 200px) 100vw, 200px\" \/> <img loading=\"lazy\" decoding=\"async\" class=\"alignnone wp-image-7142\" src=\"https:\/\/officeguide.cz.uvirt123.active24.cz\/wp-content\/uploads\/2022\/08\/kiwi.com_-300x300.png\" alt=\"\" width=\"200\" height=\"200\" srcset=\"https:\/\/officeguide.cz\/wp-content\/uploads\/2022\/08\/kiwi.com_-300x300.png 300w, https:\/\/officeguide.cz\/wp-content\/uploads\/2022\/08\/kiwi.com_-150x150.png 150w, https:\/\/officeguide.cz\/wp-content\/uploads\/2022\/08\/kiwi.com_.png 672w\" sizes=\"auto, (max-width: 200px) 100vw, 200px\" \/> <img loading=\"lazy\" decoding=\"async\" class=\"alignnone wp-image-7140\" src=\"https:\/\/officeguide.cz.uvirt123.active24.cz\/wp-content\/uploads\/2022\/08\/albartos-300x300.png\" alt=\"\" width=\"200\" height=\"200\" srcset=\"https:\/\/officeguide.cz\/wp-content\/uploads\/2022\/08\/albartos-300x300.png 300w, https:\/\/officeguide.cz\/wp-content\/uploads\/2022\/08\/albartos-150x150.png 150w, https:\/\/officeguide.cz\/wp-content\/uploads\/2022\/08\/albartos.png 672w\" sizes=\"auto, (max-width: 200px) 100vw, 200px\" \/><\/p>\n<\/section>\n\n\n\n<section id=\"icon-cards-block_62ebd2f284fe8\" data-id=\"icon-cards-block_62ebd2f284fe8\" class=\"gt-block icon-cards\">\n\t\t<img decoding=\"async\" src=\"https:\/\/officeguide.cz\/wp-content\/uploads\/2022\/08\/dsc_2739-copy-1024x683.jpg\"\n\t\t width=\"1024\"\n\t\t height=\"683\"\n\t\t class=\"icon-cards__bg\"\n\t\t alt=\"Regional Office in Brno\"\n\t\t loading=\"lazy\"\t>\n\t<div class=\"width width--general\">\n\t\t\t\t\t<div class=\"icon-cards__grid\">\n\t\t\t\t\t\t\t\t\t\t\t\t<div class=\"icon-card grid-item\">\n\t\t\t\t\t\t\t\t\t<article>\n\t\t\t\t\t\t<figure class=\"icon-card__icon\">\n\t\t\t\t\t\t\t\t\t\t\t\t\t<\/figure>\n\t\t\t\t\t\t<div class=\"icon-card__content\" data-equal-watch=\"content\">\n\t\t\t\t\t\t\t<h4 class=\"icon-card__title is-ulined\">44% of concluded lease contracts in Brno and Ostrava 2019 &#8211; 2021 <\/h4>\n\t\t\t\t\t\t<\/div>\n\t\t\t\t\t\t\t\t\t\t\t<\/article>\n\t\t\t\t\t\t\t\t\t<\/div>\n\t\t\t\t\t\t\t\t\t\t\t\t\t\t\t\t<div class=\"icon-card grid-item\">\n\t\t\t\t\t\t\t\t\t<article>\n\t\t\t\t\t\t<figure class=\"icon-card__icon\">\n\t\t\t\t\t\t\t\t\t\t\t\t\t<\/figure>\n\t\t\t\t\t\t<div class=\"icon-card__content\" data-equal-watch=\"content\">\n\t\t\t\t\t\t\t<h4 class=\"icon-card__title is-ulined\">80% market share in Ostrava 2019 &#8211; 2021<\/h4>\n\t\t\t\t\t\t<\/div>\n\t\t\t\t\t\t\t\t\t\t\t<\/article>\n\t\t\t\t\t\t\t\t\t<\/div>\n\t\t\t\t\t\t\t\t\t\t\t\t\t\t\t\t<div class=\"icon-card grid-item\">\n\t\t\t\t\t\t\t\t\t<article>\n\t\t\t\t\t\t<figure class=\"icon-card__icon\">\n\t\t\t\t\t\t\t\t\t\t\t\t\t<\/figure>\n\t\t\t\t\t\t<div class=\"icon-card__content\" data-equal-watch=\"content\">\n\t\t\t\t\t\t\t<h4 class=\"icon-card__title is-ulined\">largest office transaction in Ostrava (Tieto Evry 15.500 sq m )<\/h4>\n\t\t\t\t\t\t<\/div>\n\t\t\t\t\t\t\t\t\t\t\t<\/article>\n\t\t\t\t\t\t\t\t\t<\/div>\n\t\t\t\t\t\t\t\t\t\t<\/div>\n\t\t\t<\/div>\n<\/section>\n\n\n\n<section class=\"contact no-print section-spacing gt-block contact-form-block\">\n\t\t<div class=\"width width--narrow\">\n\t\t<header class=\"contact__center\">\n\t\t\t<span class=\"contact__claim\">Offices in Brno, Olomouc and Ostrava <\/span>\n\t\t\t\t<h2 class=\"contact__title is-ulined is-ulined--center\">Free Overview of available spaces<\/h2>\n\t\t<\/header>\n\t\t<div class=\"contact__inner\">\n\t\t\t\t\t\t\t<div class=\"contact__content\">\n\t\t\t\t\t<div class=\"persons\" data-equal=\"content\">\n\t\t\t\t\t\t\t\t\t\t\t\t\t\t\t\t\t\t\t\t\t<article class=\"person-form\">\n\t\t\t<figure class=\"person-form__thumbnail\">\n\t\t\t\t\t\t\t<img decoding=\"async\" src=\"https:\/\/officeguide.cz\/wp-content\/uploads\/2022\/06\/transparent-768x1151.png\" alt=\"Luk\u00e1\u0161 Netolick\u00fd\" loading=\"lazy\">\n\t\t\t\t\t<\/figure>\n\t\t<div class=\"person-form__content\">\n\t\t<h4 class=\"person-form__title is-ulined\">Luk\u00e1\u0161 Netolick\u00fd<\/h4>\n\t\t\t\t\t<div><a href=\"tel:+420&nbsp;606&nbsp;764&nbsp;573\" class=\"contact-link phone\">+420&nbsp;606&nbsp;764&nbsp;573<\/a><\/div>\n\t\t\t\t\t\t\t<div><a href=\"mailto:luk&#97;&#115;&#46;net&#111;lic&#107;y&#64;cu&#115;h&#119;&#97;k&#101;&#46;co&#109;\" class=\"contact-link email\">l&#117;k&#97;&#115;&#46;&#110;&#101;tolic&#107;y&#64;&#99;&#117;sh&#119;&#97;&#107;e.&#99;o&#109;<\/a><\/div>\n\t\t\t\t\t<\/div>\n<\/article>\t\t\t\t\t\t\t\t\t\t\t\t\t\t\t\t\t\t\t\t\t\t\t\t<\/div>\n\t\t\t\t<\/div>\n\t\t\t\t\t\t<div class=\"contact__form form-wrapper\">\n\t\t\t\t<form method=\"post\" action=\"\/en\/wp-json\/wp\/v2\/pages\/8106\" enctype=\"multipart\/form-data\" class=\"form-contact contactForm\">\n    <input type=\"hidden\" name=\"url\" value=\"https:\/\/officeguide.cz\/en\/wp-json\/wp\/v2\/pages\/8106\" \/>\n\n    <div class=\"inputs\">\n\n        <div class=\"input\">\n            <label for=\"8016_contact_name\">Your full name:<\/label>\n            <input type=\"text\" id=\"8016_contact_name\" name=\"contact_name\" placeholder=\"Type your name here\" data-required=\"1\" \/>\n            <span class=\"errorEmpty\">Your name is required.<\/span>\n        <\/div><!-- \/.input -->\n\n        <div class=\"input last\">\n            <label for=\"8016_contact_email\">Your email address:<\/label>\n            <input type=\"text\" id=\"8016_contact_email\" name=\"contact_email\" placeholder=\"@\" data-format=\"email\" data-required=\"1\" \/>\n            <span class=\"errorEmpty\"> Your email is required.<\/span>\n            <span class=\"errorFormat\"> The email format is invalid.<\/span>\n        <\/div><!-- \/.input -->\n\n        <div class=\"input\">\n            <label for=\"8016_contact_phone\">Your telephone:<\/label>\n            <input type=\"text\" id=\"8016_contact_phone\" name=\"contact_phone\" placeholder=\"+420\" data-format=\"phone\" \/>\n            <span class=\"errorFormat\">The phone has an invalid format<\/span>\n        <\/div><!-- \/.input -->\n\n        <div class=\"input last\">\n            <label for=\"8016_company_name\">Name of your company:\n<\/label>\n            <input type=\"text\" id=\"8016_company_name\" name=\"company_name\" \/>\n        <\/div><!-- \/.input -->\n\n        <span class=\"clear\"><\/span>\n\n        <div class=\"bottom\">\n            <label for=\"8016_gdpr\" class=\"checkbox gdpr\">\n                <input type=\"checkbox\" id=\"8016_gdpr\" name=\"contact_gdpr\" \/>\n                <div>\n                    I&nbsp;consent to the processing of personal data. <a href=\"https:\/\/officeguide.cz\/zasady-ochrany-osobnich-udaju\/\" target=\"_blank\">Read more.<\/a>\n                <\/div>\n            <\/label>\n            <a href=\"#\" class=\"btn btn--arrow sendBtn\">Send<\/a>\n        <\/div>\n\n    <\/div><!-- \/.inputs -->\n    <div class=\"sent hidden\">\n        <figure class=\"iconOk t-a--c\"><svg id=\"Layer_3\" xmlns=\"http:\/\/www.w3.org\/2000\/svg\" viewBox=\"0 0 200 200\"><defs><style>.cls-1{fill:none;stroke:#957a67;stroke-linecap:round;stroke-linejoin:round;stroke-width:17px;}<\/style><\/defs><path class=\"cls-1\" d=\"M181.54,114.66c-6.1,43.62-45.22,75.49-89.72,71.99-46.23-3.64-80.75-44.06-77.12-90.28C18.33,50.14,58.75,15.61,104.98,19.24c12.06,.95,23.32,4.4,33.31,9.8\"\/><polyline class=\"cls-1\" points=\"52.57 91.76 97.77 136.96 190.02 44.7\"\/><\/svg><\/figure>\n        <div class=\"sent__text\"><p>Thank you, your request has been successfully received.<\/p>\n<\/div>\n    <\/div><!-- \/.sent -->\n<\/form>\n<script type=\"text\/javascript\">\n    var formErrorMessage = \"Please make sure you complete the form.\\n\";\n    var gdprError = \"Please agree to the terms of processing of personal data.\";\n    var phoneError = \"The phone number does not have a valid form.\";\n    var emailError = \"The email address does not have a valid form.\";\n<\/script>\t\t\t<\/div>\n\t\t<\/div>\n\t<\/div>\n<\/section>\n\n\n<section id=\"columns-2-narrow-block_62ea95fce18e4\" data-id=\"columns-2-narrow-block_62ea95fce18e4\" class=\"section-spacing gt-block columns-2-narrow\">\n\t<div class=\"width width--narrow\">\n\t\t<div class=\"columns-2-narrow__grid\">\n\t\t\t<div class=\"col left\"><\/div>\n\t\t\t<div class=\"col right\"><\/div>\n\t\t<\/div>\n\t<\/div>\n<\/section>\n\n","protected":false},"excerpt":{"rendered":"<p>OUR SATISFIED CLIENTS<\/p>\n","protected":false},"author":2,"featured_media":0,"parent":0,"menu_order":0,"comment_status":"closed","ping_status":"closed","template":"","meta":{"_acf_changed":false,"footnotes":""},"class_list":["post-8106","page","type-page","status-publish","hentry"],"acf":[],"yoast_head":"<!-- This site is optimized with the Yoast SEO plugin v27.0 - https:\/\/yoast.com\/product\/yoast-seo-wordpress\/ -->\n<title>Regional Office in Brno - Cushman &amp; Wakefield Office Guide<\/title>\n<meta name=\"description\" content=\"The only international property consultants based in Prague and Brno as well. We cover regional office markets in Brno, Ostrava and Olomouc.\" \/>\n<meta name=\"robots\" content=\"index, follow, max-snippet:-1, max-image-preview:large, max-video-preview:-1\" \/>\n<link rel=\"canonical\" href=\"https:\/\/officeguide.cz\/en\/regiony\/\" \/>\n<meta property=\"og:locale\" content=\"en_US\" \/>\n<meta property=\"og:type\" content=\"article\" \/>\n<meta property=\"og:title\" content=\"Regional Office in Brno - Cushman &amp; Wakefield Office Guide\" \/>\n<meta property=\"og:description\" content=\"The only international property consultants based in Prague and Brno as well. We cover regional office markets in Brno, Ostrava and Olomouc.\" \/>\n<meta property=\"og:url\" content=\"https:\/\/officeguide.cz\/en\/regiony\/\" \/>\n<meta property=\"og:site_name\" content=\"Cushman &amp; Wakefield Office Guide\" \/>\n<meta property=\"article:modified_time\" content=\"2022-08-23T17:50:29+00:00\" \/>\n<meta name=\"twitter:card\" content=\"summary_large_image\" \/>\n<meta name=\"twitter:label1\" content=\"Est. reading time\" \/>\n\t<meta name=\"twitter:data1\" content=\"1 minute\" \/>\n<script type=\"application\/ld+json\" class=\"yoast-schema-graph\">{\"@context\":\"https:\/\/schema.org\",\"@graph\":[{\"@type\":\"WebPage\",\"@id\":\"https:\/\/officeguide.cz\/en\/regiony\/\",\"url\":\"https:\/\/officeguide.cz\/en\/regiony\/\",\"name\":\"Regional Office in Brno - Cushman &amp; Wakefield Office Guide\",\"isPartOf\":{\"@id\":\"https:\/\/officeguide.cz\/en\/#website\"},\"datePublished\":\"2022-08-03T15:46:13+00:00\",\"dateModified\":\"2022-08-23T17:50:29+00:00\",\"description\":\"The only international property consultants based in Prague and Brno as well. We cover regional office markets in Brno, Ostrava and Olomouc.\",\"breadcrumb\":{\"@id\":\"https:\/\/officeguide.cz\/en\/regiony\/#breadcrumb\"},\"inLanguage\":\"en-US\",\"potentialAction\":[{\"@type\":\"ReadAction\",\"target\":[\"https:\/\/officeguide.cz\/en\/regiony\/\"]}]},{\"@type\":\"BreadcrumbList\",\"@id\":\"https:\/\/officeguide.cz\/en\/regiony\/#breadcrumb\",\"itemListElement\":[{\"@type\":\"ListItem\",\"position\":1,\"name\":\"Dom\u016f\",\"item\":\"https:\/\/officeguide.cz\/en\/\"},{\"@type\":\"ListItem\",\"position\":2,\"name\":\"Regional Office in Brno\"}]},{\"@type\":\"WebSite\",\"@id\":\"https:\/\/officeguide.cz\/en\/#website\",\"url\":\"https:\/\/officeguide.cz\/en\/\",\"name\":\"Cushman & Wakefield - Office Guide\",\"description\":\"Cushman &amp; Wakefield Office Guide\",\"publisher\":{\"@id\":\"https:\/\/officeguide.cz\/en\/#organization\"},\"alternateName\":\"Pron\u00e1jem kancel\u00e1\u0159\u00ed Praha, Brno, Olomouc, Ostrava\",\"potentialAction\":[{\"@type\":\"SearchAction\",\"target\":{\"@type\":\"EntryPoint\",\"urlTemplate\":\"https:\/\/officeguide.cz\/en\/?s={search_term_string}\"},\"query-input\":{\"@type\":\"PropertyValueSpecification\",\"valueRequired\":true,\"valueName\":\"search_term_string\"}}],\"inLanguage\":\"en-US\"},{\"@type\":\"Organization\",\"@id\":\"https:\/\/officeguide.cz\/en\/#organization\",\"name\":\"Cushman & Wakefield Office Guide\",\"alternateName\":\"C&W\",\"url\":\"https:\/\/officeguide.cz\/en\/\",\"logo\":{\"@type\":\"ImageObject\",\"inLanguage\":\"en-US\",\"@id\":\"https:\/\/officeguide.cz\/en\/#\/schema\/logo\/image\/\",\"url\":\"https:\/\/officeguide.cz\/wp-content\/uploads\/2022\/03\/cw_logo_color.png\",\"contentUrl\":\"https:\/\/officeguide.cz\/wp-content\/uploads\/2022\/03\/cw_logo_color.png\",\"width\":2166,\"height\":739,\"caption\":\"Cushman & Wakefield Office Guide\"},\"image\":{\"@id\":\"https:\/\/officeguide.cz\/en\/#\/schema\/logo\/image\/\"},\"sameAs\":[\"https:\/\/www.linkedin.com\/company\/officeguidecz\"]}]}<\/script>\n<!-- \/ Yoast SEO plugin. -->","yoast_head_json":{"title":"Regional Office in Brno - Cushman &amp; Wakefield Office Guide","description":"The only international property consultants based in Prague and Brno as well. We cover regional office markets in Brno, Ostrava and Olomouc.","robots":{"index":"index","follow":"follow","max-snippet":"max-snippet:-1","max-image-preview":"max-image-preview:large","max-video-preview":"max-video-preview:-1"},"canonical":"https:\/\/officeguide.cz\/en\/regiony\/","og_locale":"en_US","og_type":"article","og_title":"Regional Office in Brno - Cushman &amp; Wakefield Office Guide","og_description":"The only international property consultants based in Prague and Brno as well. We cover regional office markets in Brno, Ostrava and Olomouc.","og_url":"https:\/\/officeguide.cz\/en\/regiony\/","og_site_name":"Cushman &amp; Wakefield Office Guide","article_modified_time":"2022-08-23T17:50:29+00:00","twitter_card":"summary_large_image","twitter_misc":{"Est. reading time":"1 minute"},"schema":{"@context":"https:\/\/schema.org","@graph":[{"@type":"WebPage","@id":"https:\/\/officeguide.cz\/en\/regiony\/","url":"https:\/\/officeguide.cz\/en\/regiony\/","name":"Regional Office in Brno - Cushman &amp; Wakefield Office Guide","isPartOf":{"@id":"https:\/\/officeguide.cz\/en\/#website"},"datePublished":"2022-08-03T15:46:13+00:00","dateModified":"2022-08-23T17:50:29+00:00","description":"The only international property consultants based in Prague and Brno as well. We cover regional office markets in Brno, Ostrava and Olomouc.","breadcrumb":{"@id":"https:\/\/officeguide.cz\/en\/regiony\/#breadcrumb"},"inLanguage":"en-US","potentialAction":[{"@type":"ReadAction","target":["https:\/\/officeguide.cz\/en\/regiony\/"]}]},{"@type":"BreadcrumbList","@id":"https:\/\/officeguide.cz\/en\/regiony\/#breadcrumb","itemListElement":[{"@type":"ListItem","position":1,"name":"Dom\u016f","item":"https:\/\/officeguide.cz\/en\/"},{"@type":"ListItem","position":2,"name":"Regional Office in Brno"}]},{"@type":"WebSite","@id":"https:\/\/officeguide.cz\/en\/#website","url":"https:\/\/officeguide.cz\/en\/","name":"Cushman & Wakefield - Office Guide","description":"Cushman &amp; Wakefield Office Guide","publisher":{"@id":"https:\/\/officeguide.cz\/en\/#organization"},"alternateName":"Pron\u00e1jem kancel\u00e1\u0159\u00ed Praha, Brno, Olomouc, Ostrava","potentialAction":[{"@type":"SearchAction","target":{"@type":"EntryPoint","urlTemplate":"https:\/\/officeguide.cz\/en\/?s={search_term_string}"},"query-input":{"@type":"PropertyValueSpecification","valueRequired":true,"valueName":"search_term_string"}}],"inLanguage":"en-US"},{"@type":"Organization","@id":"https:\/\/officeguide.cz\/en\/#organization","name":"Cushman & Wakefield Office Guide","alternateName":"C&W","url":"https:\/\/officeguide.cz\/en\/","logo":{"@type":"ImageObject","inLanguage":"en-US","@id":"https:\/\/officeguide.cz\/en\/#\/schema\/logo\/image\/","url":"https:\/\/officeguide.cz\/wp-content\/uploads\/2022\/03\/cw_logo_color.png","contentUrl":"https:\/\/officeguide.cz\/wp-content\/uploads\/2022\/03\/cw_logo_color.png","width":2166,"height":739,"caption":"Cushman & Wakefield Office Guide"},"image":{"@id":"https:\/\/officeguide.cz\/en\/#\/schema\/logo\/image\/"},"sameAs":["https:\/\/www.linkedin.com\/company\/officeguidecz"]}]}},"_links":{"self":[{"href":"https:\/\/officeguide.cz\/en\/wp-json\/wp\/v2\/pages\/8106","targetHints":{"allow":["GET"]}}],"collection":[{"href":"https:\/\/officeguide.cz\/en\/wp-json\/wp\/v2\/pages"}],"about":[{"href":"https:\/\/officeguide.cz\/en\/wp-json\/wp\/v2\/types\/page"}],"author":[{"embeddable":true,"href":"https:\/\/officeguide.cz\/en\/wp-json\/wp\/v2\/users\/2"}],"replies":[{"embeddable":true,"href":"https:\/\/officeguide.cz\/en\/wp-json\/wp\/v2\/comments?post=8106"}],"version-history":[{"count":13,"href":"https:\/\/officeguide.cz\/en\/wp-json\/wp\/v2\/pages\/8106\/revisions"}],"predecessor-version":[{"id":8728,"href":"https:\/\/officeguide.cz\/en\/wp-json\/wp\/v2\/pages\/8106\/revisions\/8728"}],"wp:attachment":[{"href":"https:\/\/officeguide.cz\/en\/wp-json\/wp\/v2\/media?parent=8106"}],"curies":[{"name":"wp","href":"https:\/\/api.w.org\/{rel}","templated":true}]}}