{"id":8104,"date":"2022-08-03T09:04:51","date_gmt":"2022-08-03T09:04:51","guid":{"rendered":"https:\/\/officeguide.cz\/dalsi-oddeleni-cw\/"},"modified":"2023-05-21T20:24:42","modified_gmt":"2023-05-21T20:24:42","slug":"dalsi-oddeleni-cw","status":"publish","type":"page","link":"https:\/\/officeguide.cz\/en\/dalsi-oddeleni-cw\/","title":{"rendered":"Remaining C&#038;W Departments"},"content":{"rendered":"<section id=\"columns-2-general-block_794b9d471d1467bffb04058d7913aadf\" data-id=\"columns-2-general-block_794b9d471d1467bffb04058d7913aadf\" class=\"section-spacing gt-block columns-2-general\">\n\t<div class=\"width width--general\">\n\t\t<div class=\"columns-2-general__grid center\">\n\t\t\t<div class=\"col left\"><p>Cushman &amp; Wakefield is a&nbsp;leading international real estate advisory firm headquartered in New York. Since its founding in 2017, it has built a&nbsp;network of offices in 70 countries.<\/p>\n<p>It has been operating in the Czech Republic since 1993, when it opened an office in Prague. In 2018, it added a&nbsp;regional office in Brno. With nearly 300 employees, Cushman &amp; Wakefield is one of the largest consulting companies on the Czech real estate market.<\/p>\n<p>In addition to office leasing and providing interior design services for office space, it provides other professional real estate services related to leasing such as asset management services, market valuation and investment in all types of commercial real estate.<\/p>\n<\/div>\n\t\t\t<div class=\"col right\"><p><img loading=\"lazy\" decoding=\"async\" class=\"wp-image-6596 aligncenter\" src=\"https:\/\/officeguide.cz\/wp-content\/uploads\/2022\/03\/cw_logo_color-300x102.png\" alt=\"\" width=\"239\" height=\"61\" \/><\/p>\n<\/div>\n\t\t<\/div>\n\t<\/div>\n<\/section>\n\n\n\n<section id=\"columns-2-narrow-block_e02c2a1756aa1415a115f4c2f3b616af\" data-id=\"columns-2-narrow-block_e02c2a1756aa1415a115f4c2f3b616af\" class=\"section-spacing gt-block columns-2-narrow\">\n\t<div class=\"width width--narrow\">\n\t\t<div class=\"columns-2-narrow__grid\">\n\t\t\t<div class=\"col left\"><p><img loading=\"lazy\" decoding=\"async\" class=\"alignnone wp-image-6885 size-large\" src=\"https:\/\/officeguide.cz\/wp-content\/uploads\/2022\/08\/adults-airport-architectural-design-301930-1024x683.jpg\" alt=\"\" width=\"1024\" height=\"683\" srcset=\"https:\/\/officeguide.cz\/wp-content\/uploads\/2022\/08\/adults-airport-architectural-design-301930-1024x683.jpg 1024w, https:\/\/officeguide.cz\/wp-content\/uploads\/2022\/08\/adults-airport-architectural-design-301930-300x200.jpg 300w, https:\/\/officeguide.cz\/wp-content\/uploads\/2022\/08\/adults-airport-architectural-design-301930-768x512.jpg 768w, https:\/\/officeguide.cz\/wp-content\/uploads\/2022\/08\/adults-airport-architectural-design-301930-1536x1024.jpg 1536w, https:\/\/officeguide.cz\/wp-content\/uploads\/2022\/08\/adults-airport-architectural-design-301930-2048x1365.jpg 2048w\" sizes=\"auto, (max-width: 1024px) 100vw, 1024px\" \/><\/p>\n<\/div>\n\t\t\t<div class=\"col right\"><p><strong>CUSHMAN &amp; WAKEFIELD PROVIDES A&nbsp;WIDE RANGE OF REAL ESTATE SERVICES THAT YOU CAN USE:<\/strong><\/p>\n<ul>\n<li><a href=\"http:\/\/www.assetservicesguide.cz\/\"><strong>Asset Management Services<\/strong><\/a><strong>.<\/strong> We take responsibility for the quality of the services provided to the entrusted building and the financial management of the property. More at <a href=\"http:\/\/www.assetservicesguide.cz\/\">assetservicesguide.cz<\/a><\/li>\n<li><a href=\"https:\/\/www.retailguide.cz\/\"><strong>Retail Agency.<\/strong> <\/a>We specialise in shopping centre and high street retail leases. More at <a href=\"https:\/\/www.retailguide.cz\/\">retailguide.cz<\/a><\/li>\n<li><a href=\"https:\/\/www.czech-industrial.com\/\"><strong>Industrial Agency.<\/strong><\/a> We secure industrial and warehouse property leasing across the Czech Republic. More at <a href=\"https:\/\/www.czech-industrial.com\/\">czech-industrial.cz<\/a><\/li>\n<li><strong>Retail Parks.<\/strong> We provide leasing and property management of smaller retail properties, usually located on the outskirts of cities.<\/li>\n<li><a href=\"https:\/\/www.cushmanwakefield.com\/en\/czech-republic\/services\/capital-markets\"><strong>Capital Investment.<\/strong><\/a> We successfully sell and buy commercial real estate. We will find a&nbsp;buyer for your property or find a&nbsp;suitable commercial property for you.<\/li>\n<li><a href=\"https:\/\/www.cushmanwakefield.com\/en\/czech-republic\/services\/valuation-and-advisory\"><strong>Property Valuation.<\/strong><\/a> We provide owners and managers of real estate assets with regular market valuations according to international RICS standards.<\/li>\n<li><strong><a href=\"https:\/\/www.cushmanwakefield.com\/en\/czech-republic\/insights\">Market Research<\/a>.<\/strong> We continually monitor what is happening in the property market and the market data we collect is used as the basis for expert recommendations to our clients and their decisions.<\/li>\n<li><a href=\"https:\/\/www.cushmanwakefield.com\/en\/czech-republic\/industries-and-sectors\/hospitality\"><strong>Hotels<\/strong><\/a>. We are the only company in the Czech Republic with a&nbsp;hotel consultancy service. We intermediate hotel leasing and investment transactions.<\/li>\n<\/ul>\n<\/div>\n\t\t<\/div>\n\t<\/div>\n<\/section>\n\n\n\n\n<p><\/p>\n","protected":false},"excerpt":{"rendered":"","protected":false},"author":2,"featured_media":0,"parent":0,"menu_order":0,"comment_status":"closed","ping_status":"closed","template":"","meta":{"_acf_changed":false,"footnotes":""},"class_list":["post-8104","page","type-page","status-publish","hentry"],"acf":[],"yoast_head":"<!-- This site is optimized with the Yoast SEO plugin v27.0 - https:\/\/yoast.com\/product\/yoast-seo-wordpress\/ -->\n<title>Remaining C&amp;W Departments - Cushman &amp; Wakefield Office Guide<\/title>\n<meta name=\"description\" content=\"We provide full services to commercial property be them leasing, capital investment, valuation and asset and property management services.\" \/>\n<meta name=\"robots\" content=\"index, follow, max-snippet:-1, max-image-preview:large, max-video-preview:-1\" \/>\n<link rel=\"canonical\" href=\"https:\/\/officeguide.cz\/en\/dalsi-oddeleni-cw\/\" \/>\n<meta property=\"og:locale\" content=\"en_US\" \/>\n<meta property=\"og:type\" content=\"article\" \/>\n<meta property=\"og:title\" content=\"Remaining C&amp;W Departments - Cushman &amp; Wakefield Office Guide\" \/>\n<meta property=\"og:description\" content=\"We provide full services to commercial property be them leasing, capital investment, valuation and asset and property management services.\" \/>\n<meta property=\"og:url\" content=\"https:\/\/officeguide.cz\/en\/dalsi-oddeleni-cw\/\" \/>\n<meta property=\"og:site_name\" content=\"Cushman &amp; Wakefield Office Guide\" \/>\n<meta property=\"article:modified_time\" content=\"2023-05-21T20:24:42+00:00\" \/>\n<meta name=\"twitter:card\" content=\"summary_large_image\" \/>\n<script type=\"application\/ld+json\" class=\"yoast-schema-graph\">{\"@context\":\"https:\/\/schema.org\",\"@graph\":[{\"@type\":\"WebPage\",\"@id\":\"https:\/\/officeguide.cz\/en\/dalsi-oddeleni-cw\/\",\"url\":\"https:\/\/officeguide.cz\/en\/dalsi-oddeleni-cw\/\",\"name\":\"Remaining C&W Departments - Cushman &amp; Wakefield Office Guide\",\"isPartOf\":{\"@id\":\"https:\/\/officeguide.cz\/en\/#website\"},\"datePublished\":\"2022-08-03T09:04:51+00:00\",\"dateModified\":\"2023-05-21T20:24:42+00:00\",\"description\":\"We provide full services to commercial property be them leasing, capital investment, valuation and asset and property management services.\",\"breadcrumb\":{\"@id\":\"https:\/\/officeguide.cz\/en\/dalsi-oddeleni-cw\/#breadcrumb\"},\"inLanguage\":\"en-US\",\"potentialAction\":[{\"@type\":\"ReadAction\",\"target\":[\"https:\/\/officeguide.cz\/en\/dalsi-oddeleni-cw\/\"]}]},{\"@type\":\"BreadcrumbList\",\"@id\":\"https:\/\/officeguide.cz\/en\/dalsi-oddeleni-cw\/#breadcrumb\",\"itemListElement\":[{\"@type\":\"ListItem\",\"position\":1,\"name\":\"Dom\u016f\",\"item\":\"https:\/\/officeguide.cz\/en\/\"},{\"@type\":\"ListItem\",\"position\":2,\"name\":\"Remaining C&#038;W Departments\"}]},{\"@type\":\"WebSite\",\"@id\":\"https:\/\/officeguide.cz\/en\/#website\",\"url\":\"https:\/\/officeguide.cz\/en\/\",\"name\":\"Cushman & Wakefield - Office Guide\",\"description\":\"Cushman &amp; Wakefield Office Guide\",\"publisher\":{\"@id\":\"https:\/\/officeguide.cz\/en\/#organization\"},\"alternateName\":\"Pron\u00e1jem kancel\u00e1\u0159\u00ed Praha, Brno, Olomouc, Ostrava\",\"potentialAction\":[{\"@type\":\"SearchAction\",\"target\":{\"@type\":\"EntryPoint\",\"urlTemplate\":\"https:\/\/officeguide.cz\/en\/?s={search_term_string}\"},\"query-input\":{\"@type\":\"PropertyValueSpecification\",\"valueRequired\":true,\"valueName\":\"search_term_string\"}}],\"inLanguage\":\"en-US\"},{\"@type\":\"Organization\",\"@id\":\"https:\/\/officeguide.cz\/en\/#organization\",\"name\":\"Cushman & Wakefield Office Guide\",\"alternateName\":\"C&W\",\"url\":\"https:\/\/officeguide.cz\/en\/\",\"logo\":{\"@type\":\"ImageObject\",\"inLanguage\":\"en-US\",\"@id\":\"https:\/\/officeguide.cz\/en\/#\/schema\/logo\/image\/\",\"url\":\"https:\/\/officeguide.cz\/wp-content\/uploads\/2022\/03\/cw_logo_color.png\",\"contentUrl\":\"https:\/\/officeguide.cz\/wp-content\/uploads\/2022\/03\/cw_logo_color.png\",\"width\":2166,\"height\":739,\"caption\":\"Cushman & Wakefield Office Guide\"},\"image\":{\"@id\":\"https:\/\/officeguide.cz\/en\/#\/schema\/logo\/image\/\"},\"sameAs\":[\"https:\/\/www.linkedin.com\/company\/officeguidecz\"]}]}<\/script>\n<!-- \/ Yoast SEO plugin. -->","yoast_head_json":{"title":"Remaining C&W Departments - Cushman &amp; Wakefield Office Guide","description":"We provide full services to commercial property be them leasing, capital investment, valuation and asset and property management services.","robots":{"index":"index","follow":"follow","max-snippet":"max-snippet:-1","max-image-preview":"max-image-preview:large","max-video-preview":"max-video-preview:-1"},"canonical":"https:\/\/officeguide.cz\/en\/dalsi-oddeleni-cw\/","og_locale":"en_US","og_type":"article","og_title":"Remaining C&W Departments - Cushman &amp; Wakefield Office Guide","og_description":"We provide full services to commercial property be them leasing, capital investment, valuation and asset and property management services.","og_url":"https:\/\/officeguide.cz\/en\/dalsi-oddeleni-cw\/","og_site_name":"Cushman &amp; Wakefield Office Guide","article_modified_time":"2023-05-21T20:24:42+00:00","twitter_card":"summary_large_image","schema":{"@context":"https:\/\/schema.org","@graph":[{"@type":"WebPage","@id":"https:\/\/officeguide.cz\/en\/dalsi-oddeleni-cw\/","url":"https:\/\/officeguide.cz\/en\/dalsi-oddeleni-cw\/","name":"Remaining C&W Departments - Cushman &amp; Wakefield Office Guide","isPartOf":{"@id":"https:\/\/officeguide.cz\/en\/#website"},"datePublished":"2022-08-03T09:04:51+00:00","dateModified":"2023-05-21T20:24:42+00:00","description":"We provide full services to commercial property be them leasing, capital investment, valuation and asset and property management services.","breadcrumb":{"@id":"https:\/\/officeguide.cz\/en\/dalsi-oddeleni-cw\/#breadcrumb"},"inLanguage":"en-US","potentialAction":[{"@type":"ReadAction","target":["https:\/\/officeguide.cz\/en\/dalsi-oddeleni-cw\/"]}]},{"@type":"BreadcrumbList","@id":"https:\/\/officeguide.cz\/en\/dalsi-oddeleni-cw\/#breadcrumb","itemListElement":[{"@type":"ListItem","position":1,"name":"Dom\u016f","item":"https:\/\/officeguide.cz\/en\/"},{"@type":"ListItem","position":2,"name":"Remaining C&#038;W Departments"}]},{"@type":"WebSite","@id":"https:\/\/officeguide.cz\/en\/#website","url":"https:\/\/officeguide.cz\/en\/","name":"Cushman & Wakefield - Office Guide","description":"Cushman &amp; Wakefield Office Guide","publisher":{"@id":"https:\/\/officeguide.cz\/en\/#organization"},"alternateName":"Pron\u00e1jem kancel\u00e1\u0159\u00ed Praha, Brno, Olomouc, Ostrava","potentialAction":[{"@type":"SearchAction","target":{"@type":"EntryPoint","urlTemplate":"https:\/\/officeguide.cz\/en\/?s={search_term_string}"},"query-input":{"@type":"PropertyValueSpecification","valueRequired":true,"valueName":"search_term_string"}}],"inLanguage":"en-US"},{"@type":"Organization","@id":"https:\/\/officeguide.cz\/en\/#organization","name":"Cushman & Wakefield Office Guide","alternateName":"C&W","url":"https:\/\/officeguide.cz\/en\/","logo":{"@type":"ImageObject","inLanguage":"en-US","@id":"https:\/\/officeguide.cz\/en\/#\/schema\/logo\/image\/","url":"https:\/\/officeguide.cz\/wp-content\/uploads\/2022\/03\/cw_logo_color.png","contentUrl":"https:\/\/officeguide.cz\/wp-content\/uploads\/2022\/03\/cw_logo_color.png","width":2166,"height":739,"caption":"Cushman & Wakefield Office Guide"},"image":{"@id":"https:\/\/officeguide.cz\/en\/#\/schema\/logo\/image\/"},"sameAs":["https:\/\/www.linkedin.com\/company\/officeguidecz"]}]}},"_links":{"self":[{"href":"https:\/\/officeguide.cz\/en\/wp-json\/wp\/v2\/pages\/8104","targetHints":{"allow":["GET"]}}],"collection":[{"href":"https:\/\/officeguide.cz\/en\/wp-json\/wp\/v2\/pages"}],"about":[{"href":"https:\/\/officeguide.cz\/en\/wp-json\/wp\/v2\/types\/page"}],"author":[{"embeddable":true,"href":"https:\/\/officeguide.cz\/en\/wp-json\/wp\/v2\/users\/2"}],"replies":[{"embeddable":true,"href":"https:\/\/officeguide.cz\/en\/wp-json\/wp\/v2\/comments?post=8104"}],"version-history":[{"count":15,"href":"https:\/\/officeguide.cz\/en\/wp-json\/wp\/v2\/pages\/8104\/revisions"}],"predecessor-version":[{"id":10059,"href":"https:\/\/officeguide.cz\/en\/wp-json\/wp\/v2\/pages\/8104\/revisions\/10059"}],"wp:attachment":[{"href":"https:\/\/officeguide.cz\/en\/wp-json\/wp\/v2\/media?parent=8104"}],"curies":[{"name":"wp","href":"https:\/\/api.w.org\/{rel}","templated":true}]}}