{"id":8088,"date":"2022-05-18T12:36:52","date_gmt":"2022-05-18T12:36:52","guid":{"rendered":"https:\/\/officeguide.cz\/nabidka-kancelari\/praha-5\/"},"modified":"2024-05-22T08:17:57","modified_gmt":"2024-05-22T08:17:57","slug":"prague-5","status":"publish","type":"page","link":"https:\/\/officeguide.cz\/en\/office-leasing\/prague-5\/","title":{"rendered":"Prague 5"},"content":{"rendered":"","protected":false},"excerpt":{"rendered":"","protected":false},"author":5,"featured_media":0,"parent":8078,"menu_order":0,"comment_status":"closed","ping_status":"closed","template":"page-templates\/buildings-list.php","meta":{"_acf_changed":false,"footnotes":""},"class_list":["post-8088","page","type-page","status-publish","hentry"],"acf":[],"yoast_head":"<!-- This site is optimized with the Yoast SEO plugin v27.0 - https:\/\/yoast.com\/product\/yoast-seo-wordpress\/ -->\n<title>Offices for lease | Prague 5 - Cushman &amp; Wakefield Office Guide<\/title>\n<meta name=\"description\" content=\"Offices for lease in Prague 5. Find the optimal office for your company quickly and easily. We\u00b4ll be happy to show you all the possibilities\" \/>\n<meta name=\"robots\" content=\"index, follow, max-snippet:-1, max-image-preview:large, max-video-preview:-1\" \/>\n<link rel=\"canonical\" href=\"https:\/\/officeguide.cz\/en\/office-leasing\/prague-5\/\" \/>\n<meta property=\"og:locale\" content=\"en_US\" \/>\n<meta property=\"og:type\" content=\"article\" \/>\n<meta property=\"og:title\" content=\"Offices for lease | Prague 5 - Cushman &amp; Wakefield Office Guide\" \/>\n<meta property=\"og:description\" content=\"Offices for lease in Prague 5. Find the optimal office for your company quickly and easily. We\u00b4ll be happy to show you all the possibilities\" \/>\n<meta property=\"og:url\" content=\"https:\/\/officeguide.cz\/en\/office-leasing\/prague-5\/\" \/>\n<meta property=\"og:site_name\" content=\"Cushman &amp; Wakefield Office Guide\" \/>\n<meta property=\"article:modified_time\" content=\"2024-05-22T08:17:57+00:00\" \/>\n<meta name=\"twitter:card\" content=\"summary_large_image\" \/>\n<script type=\"application\/ld+json\" class=\"yoast-schema-graph\">{\"@context\":\"https:\/\/schema.org\",\"@graph\":[{\"@type\":\"WebPage\",\"@id\":\"https:\/\/officeguide.cz\/en\/office-leasing\/prague-5\/\",\"url\":\"https:\/\/officeguide.cz\/en\/office-leasing\/prague-5\/\",\"name\":\"Offices for lease | Prague 5 - Cushman &amp; Wakefield Office Guide\",\"isPartOf\":{\"@id\":\"https:\/\/officeguide.cz\/en\/#website\"},\"datePublished\":\"2022-05-18T12:36:52+00:00\",\"dateModified\":\"2024-05-22T08:17:57+00:00\",\"description\":\"Offices for lease in Prague 5. Find the optimal office for your company quickly and easily. We\u00b4ll be happy to show you all the possibilities\",\"breadcrumb\":{\"@id\":\"https:\/\/officeguide.cz\/en\/office-leasing\/prague-5\/#breadcrumb\"},\"inLanguage\":\"en-US\",\"potentialAction\":[{\"@type\":\"ReadAction\",\"target\":[\"https:\/\/officeguide.cz\/en\/office-leasing\/prague-5\/\"]}]},{\"@type\":\"BreadcrumbList\",\"@id\":\"https:\/\/officeguide.cz\/en\/office-leasing\/prague-5\/#breadcrumb\",\"itemListElement\":[{\"@type\":\"ListItem\",\"position\":1,\"name\":\"Dom\u016f\",\"item\":\"https:\/\/officeguide.cz\/en\/\"},{\"@type\":\"ListItem\",\"position\":2,\"name\":\"Office Leasing\",\"item\":\"https:\/\/officeguide.cz\/en\/office-leasing\/\"},{\"@type\":\"ListItem\",\"position\":3,\"name\":\"Prague 5\"}]},{\"@type\":\"WebSite\",\"@id\":\"https:\/\/officeguide.cz\/en\/#website\",\"url\":\"https:\/\/officeguide.cz\/en\/\",\"name\":\"Cushman & Wakefield - Office Guide\",\"description\":\"Cushman &amp; Wakefield Office Guide\",\"publisher\":{\"@id\":\"https:\/\/officeguide.cz\/en\/#organization\"},\"alternateName\":\"Pron\u00e1jem kancel\u00e1\u0159\u00ed Praha, Brno, Olomouc, Ostrava\",\"potentialAction\":[{\"@type\":\"SearchAction\",\"target\":{\"@type\":\"EntryPoint\",\"urlTemplate\":\"https:\/\/officeguide.cz\/en\/?s={search_term_string}\"},\"query-input\":{\"@type\":\"PropertyValueSpecification\",\"valueRequired\":true,\"valueName\":\"search_term_string\"}}],\"inLanguage\":\"en-US\"},{\"@type\":\"Organization\",\"@id\":\"https:\/\/officeguide.cz\/en\/#organization\",\"name\":\"Cushman & Wakefield Office Guide\",\"alternateName\":\"C&W\",\"url\":\"https:\/\/officeguide.cz\/en\/\",\"logo\":{\"@type\":\"ImageObject\",\"inLanguage\":\"en-US\",\"@id\":\"https:\/\/officeguide.cz\/en\/#\/schema\/logo\/image\/\",\"url\":\"https:\/\/officeguide.cz\/wp-content\/uploads\/2022\/03\/cw_logo_color.png\",\"contentUrl\":\"https:\/\/officeguide.cz\/wp-content\/uploads\/2022\/03\/cw_logo_color.png\",\"width\":2166,\"height\":739,\"caption\":\"Cushman & Wakefield Office Guide\"},\"image\":{\"@id\":\"https:\/\/officeguide.cz\/en\/#\/schema\/logo\/image\/\"},\"sameAs\":[\"https:\/\/www.linkedin.com\/company\/officeguidecz\"]}]}<\/script>\n<!-- \/ Yoast SEO plugin. -->","yoast_head_json":{"title":"Offices for lease | Prague 5 - Cushman &amp; Wakefield Office Guide","description":"Offices for lease in Prague 5. Find the optimal office for your company quickly and easily. We\u00b4ll be happy to show you all the possibilities","robots":{"index":"index","follow":"follow","max-snippet":"max-snippet:-1","max-image-preview":"max-image-preview:large","max-video-preview":"max-video-preview:-1"},"canonical":"https:\/\/officeguide.cz\/en\/office-leasing\/prague-5\/","og_locale":"en_US","og_type":"article","og_title":"Offices for lease | Prague 5 - Cushman &amp; Wakefield Office Guide","og_description":"Offices for lease in Prague 5. Find the optimal office for your company quickly and easily. We\u00b4ll be happy to show you all the possibilities","og_url":"https:\/\/officeguide.cz\/en\/office-leasing\/prague-5\/","og_site_name":"Cushman &amp; Wakefield Office Guide","article_modified_time":"2024-05-22T08:17:57+00:00","twitter_card":"summary_large_image","schema":{"@context":"https:\/\/schema.org","@graph":[{"@type":"WebPage","@id":"https:\/\/officeguide.cz\/en\/office-leasing\/prague-5\/","url":"https:\/\/officeguide.cz\/en\/office-leasing\/prague-5\/","name":"Offices for lease | Prague 5 - Cushman &amp; Wakefield Office Guide","isPartOf":{"@id":"https:\/\/officeguide.cz\/en\/#website"},"datePublished":"2022-05-18T12:36:52+00:00","dateModified":"2024-05-22T08:17:57+00:00","description":"Offices for lease in Prague 5. Find the optimal office for your company quickly and easily. We\u00b4ll be happy to show you all the possibilities","breadcrumb":{"@id":"https:\/\/officeguide.cz\/en\/office-leasing\/prague-5\/#breadcrumb"},"inLanguage":"en-US","potentialAction":[{"@type":"ReadAction","target":["https:\/\/officeguide.cz\/en\/office-leasing\/prague-5\/"]}]},{"@type":"BreadcrumbList","@id":"https:\/\/officeguide.cz\/en\/office-leasing\/prague-5\/#breadcrumb","itemListElement":[{"@type":"ListItem","position":1,"name":"Dom\u016f","item":"https:\/\/officeguide.cz\/en\/"},{"@type":"ListItem","position":2,"name":"Office Leasing","item":"https:\/\/officeguide.cz\/en\/office-leasing\/"},{"@type":"ListItem","position":3,"name":"Prague 5"}]},{"@type":"WebSite","@id":"https:\/\/officeguide.cz\/en\/#website","url":"https:\/\/officeguide.cz\/en\/","name":"Cushman & Wakefield - Office Guide","description":"Cushman &amp; Wakefield Office Guide","publisher":{"@id":"https:\/\/officeguide.cz\/en\/#organization"},"alternateName":"Pron\u00e1jem kancel\u00e1\u0159\u00ed Praha, Brno, Olomouc, Ostrava","potentialAction":[{"@type":"SearchAction","target":{"@type":"EntryPoint","urlTemplate":"https:\/\/officeguide.cz\/en\/?s={search_term_string}"},"query-input":{"@type":"PropertyValueSpecification","valueRequired":true,"valueName":"search_term_string"}}],"inLanguage":"en-US"},{"@type":"Organization","@id":"https:\/\/officeguide.cz\/en\/#organization","name":"Cushman & Wakefield Office Guide","alternateName":"C&W","url":"https:\/\/officeguide.cz\/en\/","logo":{"@type":"ImageObject","inLanguage":"en-US","@id":"https:\/\/officeguide.cz\/en\/#\/schema\/logo\/image\/","url":"https:\/\/officeguide.cz\/wp-content\/uploads\/2022\/03\/cw_logo_color.png","contentUrl":"https:\/\/officeguide.cz\/wp-content\/uploads\/2022\/03\/cw_logo_color.png","width":2166,"height":739,"caption":"Cushman & Wakefield Office Guide"},"image":{"@id":"https:\/\/officeguide.cz\/en\/#\/schema\/logo\/image\/"},"sameAs":["https:\/\/www.linkedin.com\/company\/officeguidecz"]}]}},"_links":{"self":[{"href":"https:\/\/officeguide.cz\/en\/wp-json\/wp\/v2\/pages\/8088","targetHints":{"allow":["GET"]}}],"collection":[{"href":"https:\/\/officeguide.cz\/en\/wp-json\/wp\/v2\/pages"}],"about":[{"href":"https:\/\/officeguide.cz\/en\/wp-json\/wp\/v2\/types\/page"}],"author":[{"embeddable":true,"href":"https:\/\/officeguide.cz\/en\/wp-json\/wp\/v2\/users\/5"}],"replies":[{"embeddable":true,"href":"https:\/\/officeguide.cz\/en\/wp-json\/wp\/v2\/comments?post=8088"}],"version-history":[{"count":1,"href":"https:\/\/officeguide.cz\/en\/wp-json\/wp\/v2\/pages\/8088\/revisions"}],"predecessor-version":[{"id":8210,"href":"https:\/\/officeguide.cz\/en\/wp-json\/wp\/v2\/pages\/8088\/revisions\/8210"}],"up":[{"embeddable":true,"href":"https:\/\/officeguide.cz\/en\/wp-json\/wp\/v2\/pages\/8078"}],"wp:attachment":[{"href":"https:\/\/officeguide.cz\/en\/wp-json\/wp\/v2\/media?parent=8088"}],"curies":[{"name":"wp","href":"https:\/\/api.w.org\/{rel}","templated":true}]}}