{"id":8079,"date":"2022-06-29T20:06:37","date_gmt":"2022-06-29T20:06:37","guid":{"rendered":"https:\/\/officeguide.cz\/nabidka-kancelari\/e-nabijecka\/"},"modified":"2024-05-22T08:17:03","modified_gmt":"2024-05-22T08:17:03","slug":"e-car-charger","status":"publish","type":"page","link":"https:\/\/officeguide.cz\/en\/office-leasing\/e-car-charger\/","title":{"rendered":"E-car charger"},"content":{"rendered":"","protected":false},"excerpt":{"rendered":"","protected":false},"author":5,"featured_media":0,"parent":8078,"menu_order":0,"comment_status":"closed","ping_status":"closed","template":"page-templates\/buildings-list.php","meta":{"_acf_changed":false,"footnotes":""},"class_list":["post-8079","page","type-page","status-publish","hentry"],"acf":[],"yoast_head":"<!-- This site is optimized with the Yoast SEO plugin v27.0 - https:\/\/yoast.com\/product\/yoast-seo-wordpress\/ -->\n<title>Offices for lease | E-car charger - Cushman &amp; Wakefield Office Guide<\/title>\n<meta name=\"description\" content=\"Offices for lease with e-car charger. Find the optimal office for your company quickly and easily. We\u00b4ll be happy to show you...\" \/>\n<meta name=\"robots\" content=\"index, follow, max-snippet:-1, max-image-preview:large, max-video-preview:-1\" \/>\n<link rel=\"canonical\" href=\"https:\/\/officeguide.cz\/en\/office-leasing\/e-car-charger\/\" \/>\n<meta property=\"og:locale\" content=\"en_US\" \/>\n<meta property=\"og:type\" content=\"article\" \/>\n<meta property=\"og:title\" content=\"Offices for lease | E-car charger - Cushman &amp; Wakefield Office Guide\" \/>\n<meta property=\"og:description\" content=\"Offices for lease with e-car charger. Find the optimal office for your company quickly and easily. We\u00b4ll be happy to show you...\" \/>\n<meta property=\"og:url\" content=\"https:\/\/officeguide.cz\/en\/office-leasing\/e-car-charger\/\" \/>\n<meta property=\"og:site_name\" content=\"Cushman &amp; Wakefield Office Guide\" \/>\n<meta property=\"article:modified_time\" content=\"2024-05-22T08:17:03+00:00\" \/>\n<meta name=\"twitter:card\" content=\"summary_large_image\" \/>\n<script type=\"application\/ld+json\" class=\"yoast-schema-graph\">{\"@context\":\"https:\/\/schema.org\",\"@graph\":[{\"@type\":\"WebPage\",\"@id\":\"https:\/\/officeguide.cz\/en\/office-leasing\/e-car-charger\/\",\"url\":\"https:\/\/officeguide.cz\/en\/office-leasing\/e-car-charger\/\",\"name\":\"Offices for lease | E-car charger - Cushman &amp; Wakefield Office Guide\",\"isPartOf\":{\"@id\":\"https:\/\/officeguide.cz\/en\/#website\"},\"datePublished\":\"2022-06-29T20:06:37+00:00\",\"dateModified\":\"2024-05-22T08:17:03+00:00\",\"description\":\"Offices for lease with e-car charger. Find the optimal office for your company quickly and easily. We\u00b4ll be happy to show you...\",\"breadcrumb\":{\"@id\":\"https:\/\/officeguide.cz\/en\/office-leasing\/e-car-charger\/#breadcrumb\"},\"inLanguage\":\"en-US\",\"potentialAction\":[{\"@type\":\"ReadAction\",\"target\":[\"https:\/\/officeguide.cz\/en\/office-leasing\/e-car-charger\/\"]}]},{\"@type\":\"BreadcrumbList\",\"@id\":\"https:\/\/officeguide.cz\/en\/office-leasing\/e-car-charger\/#breadcrumb\",\"itemListElement\":[{\"@type\":\"ListItem\",\"position\":1,\"name\":\"Dom\u016f\",\"item\":\"https:\/\/officeguide.cz\/en\/\"},{\"@type\":\"ListItem\",\"position\":2,\"name\":\"Office Leasing\",\"item\":\"https:\/\/officeguide.cz\/en\/office-leasing\/\"},{\"@type\":\"ListItem\",\"position\":3,\"name\":\"E-car charger\"}]},{\"@type\":\"WebSite\",\"@id\":\"https:\/\/officeguide.cz\/en\/#website\",\"url\":\"https:\/\/officeguide.cz\/en\/\",\"name\":\"Cushman & Wakefield - Office Guide\",\"description\":\"Cushman &amp; Wakefield Office Guide\",\"publisher\":{\"@id\":\"https:\/\/officeguide.cz\/en\/#organization\"},\"alternateName\":\"Pron\u00e1jem kancel\u00e1\u0159\u00ed Praha, Brno, Olomouc, Ostrava\",\"potentialAction\":[{\"@type\":\"SearchAction\",\"target\":{\"@type\":\"EntryPoint\",\"urlTemplate\":\"https:\/\/officeguide.cz\/en\/?s={search_term_string}\"},\"query-input\":{\"@type\":\"PropertyValueSpecification\",\"valueRequired\":true,\"valueName\":\"search_term_string\"}}],\"inLanguage\":\"en-US\"},{\"@type\":\"Organization\",\"@id\":\"https:\/\/officeguide.cz\/en\/#organization\",\"name\":\"Cushman & Wakefield Office Guide\",\"alternateName\":\"C&W\",\"url\":\"https:\/\/officeguide.cz\/en\/\",\"logo\":{\"@type\":\"ImageObject\",\"inLanguage\":\"en-US\",\"@id\":\"https:\/\/officeguide.cz\/en\/#\/schema\/logo\/image\/\",\"url\":\"https:\/\/officeguide.cz\/wp-content\/uploads\/2022\/03\/cw_logo_color.png\",\"contentUrl\":\"https:\/\/officeguide.cz\/wp-content\/uploads\/2022\/03\/cw_logo_color.png\",\"width\":2166,\"height\":739,\"caption\":\"Cushman & Wakefield Office Guide\"},\"image\":{\"@id\":\"https:\/\/officeguide.cz\/en\/#\/schema\/logo\/image\/\"},\"sameAs\":[\"https:\/\/www.linkedin.com\/company\/officeguidecz\"]}]}<\/script>\n<!-- \/ Yoast SEO plugin. -->","yoast_head_json":{"title":"Offices for lease | E-car charger - Cushman &amp; Wakefield Office Guide","description":"Offices for lease with e-car charger. Find the optimal office for your company quickly and easily. We\u00b4ll be happy to show you...","robots":{"index":"index","follow":"follow","max-snippet":"max-snippet:-1","max-image-preview":"max-image-preview:large","max-video-preview":"max-video-preview:-1"},"canonical":"https:\/\/officeguide.cz\/en\/office-leasing\/e-car-charger\/","og_locale":"en_US","og_type":"article","og_title":"Offices for lease | E-car charger - Cushman &amp; Wakefield Office Guide","og_description":"Offices for lease with e-car charger. Find the optimal office for your company quickly and easily. We\u00b4ll be happy to show you...","og_url":"https:\/\/officeguide.cz\/en\/office-leasing\/e-car-charger\/","og_site_name":"Cushman &amp; Wakefield Office Guide","article_modified_time":"2024-05-22T08:17:03+00:00","twitter_card":"summary_large_image","schema":{"@context":"https:\/\/schema.org","@graph":[{"@type":"WebPage","@id":"https:\/\/officeguide.cz\/en\/office-leasing\/e-car-charger\/","url":"https:\/\/officeguide.cz\/en\/office-leasing\/e-car-charger\/","name":"Offices for lease | E-car charger - Cushman &amp; Wakefield Office Guide","isPartOf":{"@id":"https:\/\/officeguide.cz\/en\/#website"},"datePublished":"2022-06-29T20:06:37+00:00","dateModified":"2024-05-22T08:17:03+00:00","description":"Offices for lease with e-car charger. Find the optimal office for your company quickly and easily. We\u00b4ll be happy to show you...","breadcrumb":{"@id":"https:\/\/officeguide.cz\/en\/office-leasing\/e-car-charger\/#breadcrumb"},"inLanguage":"en-US","potentialAction":[{"@type":"ReadAction","target":["https:\/\/officeguide.cz\/en\/office-leasing\/e-car-charger\/"]}]},{"@type":"BreadcrumbList","@id":"https:\/\/officeguide.cz\/en\/office-leasing\/e-car-charger\/#breadcrumb","itemListElement":[{"@type":"ListItem","position":1,"name":"Dom\u016f","item":"https:\/\/officeguide.cz\/en\/"},{"@type":"ListItem","position":2,"name":"Office Leasing","item":"https:\/\/officeguide.cz\/en\/office-leasing\/"},{"@type":"ListItem","position":3,"name":"E-car charger"}]},{"@type":"WebSite","@id":"https:\/\/officeguide.cz\/en\/#website","url":"https:\/\/officeguide.cz\/en\/","name":"Cushman & Wakefield - Office Guide","description":"Cushman &amp; Wakefield Office Guide","publisher":{"@id":"https:\/\/officeguide.cz\/en\/#organization"},"alternateName":"Pron\u00e1jem kancel\u00e1\u0159\u00ed Praha, Brno, Olomouc, Ostrava","potentialAction":[{"@type":"SearchAction","target":{"@type":"EntryPoint","urlTemplate":"https:\/\/officeguide.cz\/en\/?s={search_term_string}"},"query-input":{"@type":"PropertyValueSpecification","valueRequired":true,"valueName":"search_term_string"}}],"inLanguage":"en-US"},{"@type":"Organization","@id":"https:\/\/officeguide.cz\/en\/#organization","name":"Cushman & Wakefield Office Guide","alternateName":"C&W","url":"https:\/\/officeguide.cz\/en\/","logo":{"@type":"ImageObject","inLanguage":"en-US","@id":"https:\/\/officeguide.cz\/en\/#\/schema\/logo\/image\/","url":"https:\/\/officeguide.cz\/wp-content\/uploads\/2022\/03\/cw_logo_color.png","contentUrl":"https:\/\/officeguide.cz\/wp-content\/uploads\/2022\/03\/cw_logo_color.png","width":2166,"height":739,"caption":"Cushman & Wakefield Office Guide"},"image":{"@id":"https:\/\/officeguide.cz\/en\/#\/schema\/logo\/image\/"},"sameAs":["https:\/\/www.linkedin.com\/company\/officeguidecz"]}]}},"_links":{"self":[{"href":"https:\/\/officeguide.cz\/en\/wp-json\/wp\/v2\/pages\/8079","targetHints":{"allow":["GET"]}}],"collection":[{"href":"https:\/\/officeguide.cz\/en\/wp-json\/wp\/v2\/pages"}],"about":[{"href":"https:\/\/officeguide.cz\/en\/wp-json\/wp\/v2\/types\/page"}],"author":[{"embeddable":true,"href":"https:\/\/officeguide.cz\/en\/wp-json\/wp\/v2\/users\/5"}],"replies":[{"embeddable":true,"href":"https:\/\/officeguide.cz\/en\/wp-json\/wp\/v2\/comments?post=8079"}],"version-history":[{"count":1,"href":"https:\/\/officeguide.cz\/en\/wp-json\/wp\/v2\/pages\/8079\/revisions"}],"predecessor-version":[{"id":8204,"href":"https:\/\/officeguide.cz\/en\/wp-json\/wp\/v2\/pages\/8079\/revisions\/8204"}],"up":[{"embeddable":true,"href":"https:\/\/officeguide.cz\/en\/wp-json\/wp\/v2\/pages\/8078"}],"wp:attachment":[{"href":"https:\/\/officeguide.cz\/en\/wp-json\/wp\/v2\/media?parent=8079"}],"curies":[{"name":"wp","href":"https:\/\/api.w.org\/{rel}","templated":true}]}}